{"id":5408,"date":"2024-09-29T22:35:30","date_gmt":"2024-09-29T20:35:30","guid":{"rendered":"https:\/\/www.laragnatelateatro.com\/?page_id=5408"},"modified":"2026-02-20T11:08:28","modified_gmt":"2026-02-20T10:08:28","slug":"le-nostre-commedie-dialettali","status":"publish","type":"page","link":"https:\/\/www.laragnatelateatro.com\/index.php\/le-nostre-commedie-dialettali\/","title":{"rendered":"LE NOSTRE DIALETTALI"},"content":{"rendered":"\n<div class=\"wp-block-uagb-info-box uagb-block-bvuhfql9 uagb-infobox__content-wrap  uagb-infobox-icon-above-title uagb-infobox-image-valign-top\"><div class=\"uagb-ifb-content\"><div class=\"uagb-ifb-title-wrap\"><h1 class=\"uagb-ifb-title\">LE NOSTRE DIALETTALI<\/h1><\/div><\/div><\/div>\n\n\n\n<div class=\"wp-block-uagb-container uagb-block-kdfgvul5 alignfull uagb-is-root-container\"><div class=\"uagb-container-inner-blocks-wrap\">\n<div class=\"wp-block-uagb-container uagb-block-4c79526b\">\n<div class=\"wp-block-uagb-image uagb-block-cbcc85c8 wp-block-uagb-image--layout-default wp-block-uagb-image--effect-static wp-block-uagb-image--align-none\"><figure class=\"wp-block-uagb-image__figure\"><img decoding=\"async\" srcset=\"https:\/\/www.laragnatelateatro.com\/wp-content\/uploads\/2025\/11\/vaddva-717x1024.jpeg ,https:\/\/www.laragnatelateatro.com\/wp-content\/uploads\/2025\/11\/vaddva.jpeg 780w, https:\/\/www.laragnatelateatro.com\/wp-content\/uploads\/2025\/11\/vaddva.jpeg 360w\" sizes=\"auto, (max-width: 480px) 150px\" src=\"https:\/\/www.laragnatelateatro.com\/wp-content\/uploads\/2025\/11\/vaddva-717x1024.jpeg\" alt=\"\" class=\"uag-image-6638\" width=\"724\" height=\"1024\" title=\"vaddva\" loading=\"lazy\" role=\"img\"\/><\/figure><\/div>\n\n\n\n<h2 class=\"wp-block-heading has-text-align-center has-large-font-size\"><strong>Ai \u00e8 da marider una vaddva<\/strong><\/h2>\n<\/div>\n\n\n\n<div class=\"wp-block-uagb-container uagb-block-8651e349\">\n<div class=\"wp-block-uagb-image uagb-block-d70bc164 wp-block-uagb-image--layout-default wp-block-uagb-image--effect-static wp-block-uagb-image--align-none\"><figure class=\"wp-block-uagb-image__figure\"><img decoding=\"async\" srcset=\"https:\/\/www.laragnatelateatro.com\/wp-content\/uploads\/2025\/10\/Al-Pass-1024x1024.jpeg ,https:\/\/www.laragnatelateatro.com\/wp-content\/uploads\/2025\/10\/Al-Pass.jpeg 780w, https:\/\/www.laragnatelateatro.com\/wp-content\/uploads\/2025\/10\/Al-Pass.jpeg 360w\" sizes=\"auto, (max-width: 480px) 150px\" src=\"https:\/\/www.laragnatelateatro.com\/wp-content\/uploads\/2025\/10\/Al-Pass-1024x1024.jpeg\" alt=\"\" class=\"uag-image-6009\" width=\"724\" height=\"1024\" title=\"Al Pass\" loading=\"lazy\" role=\"img\"\/><\/figure><\/div>\n\n\n\n<h2 class=\"wp-block-heading has-text-align-center has-large-font-size\"><strong>Al Pass<\/strong><\/h2>\n<\/div>\n\n\n\n<div class=\"wp-block-uagb-container uagb-block-8a4c138a\">\n<div class=\"wp-block-uagb-image uagb-block-881eed74 wp-block-uagb-image--layout-default wp-block-uagb-image--effect-static wp-block-uagb-image--align-none\"><figure class=\"wp-block-uagb-image__figure\"><img decoding=\"async\"  sizes=\"auto, (max-width: 480px) 150px\" src=\"https:\/\/www.laragnatelateatro.com\/wp-content\/uploads\/2024\/10\/Tern-a-Lot_no-Date-724x1024.jpg\" alt=\"\" width=\"724\" height=\"1024\" title=\"\" loading=\"lazy\" role=\"img\"\/><\/figure><\/div>\n\n\n\n<h2 class=\"wp-block-heading has-text-align-center has-large-font-size\">TERN AL LOT<\/h2>\n<\/div>\n\n\n\n<div class=\"wp-block-uagb-container uagb-block-118d3f3f\">\n<div class=\"wp-block-uagb-image uagb-block-319b2283 wp-block-uagb-image--layout-default wp-block-uagb-image--effect-static wp-block-uagb-image--align-none\"><figure class=\"wp-block-uagb-image__figure\"><img decoding=\"async\"  sizes=\"auto, (max-width: 480px) 150px\" src=\"https:\/\/www.laragnatelateatro.com\/wp-content\/uploads\/2023\/09\/Veleno-rit-1.jpg\" alt=\"\" width=\"579\" height=\"634\" title=\"\" loading=\"lazy\" role=\"img\"\/><\/figure><\/div>\n\n\n\n<h2 class=\"wp-block-heading has-text-align-center has-large-font-size\">VLAGNN PR I PONDIG<\/h2>\n<\/div>\n\n\n\n<div class=\"wp-block-uagb-container uagb-block-ba88693e\">\n<div class=\"wp-block-uagb-image uagb-block-05c3b437 wp-block-uagb-image--layout-default wp-block-uagb-image--effect-static wp-block-uagb-image--align-none\"><figure class=\"wp-block-uagb-image__figure\"><img decoding=\"async\"  sizes=\"auto, (max-width: 480px) 150px\" src=\"https:\/\/www.laragnatelateatro.com\/wp-content\/uploads\/2023\/05\/cropped-removal.ai_tmp-64720fc11af5b_D0MT0V.png\" alt=\"\" width=\"161\" height=\"163\" title=\"\" loading=\"lazy\" role=\"img\"\/><\/figure><\/div>\n\n\n\n<h2 class=\"wp-block-heading has-text-align-center has-large-font-size\">E S&#8217;AL TOURNA<\/h2>\n<\/div>\n\n\n\n<div class=\"wp-block-uagb-container uagb-block-aefa9432\">\n<div class=\"wp-block-uagb-image uagb-block-f307cee8 wp-block-uagb-image--layout-default wp-block-uagb-image--effect-static wp-block-uagb-image--align-none\"><figure class=\"wp-block-uagb-image__figure\"><img decoding=\"async\" srcset=\"https:\/\/www.laragnatelateatro.com\/wp-content\/uploads\/2025\/10\/MALE.jpg ,https:\/\/www.laragnatelateatro.com\/wp-content\/uploads\/2025\/10\/MALE.jpg 780w, https:\/\/www.laragnatelateatro.com\/wp-content\/uploads\/2025\/10\/MALE.jpg 360w\" sizes=\"auto, (max-width: 480px) 150px\" src=\"https:\/\/www.laragnatelateatro.com\/wp-content\/uploads\/2025\/10\/MALE.jpg\" alt=\"\" class=\"uag-image-6437\" width=\"713\" height=\"970\" title=\"MALE'\" loading=\"lazy\" role=\"img\"\/><\/figure><\/div>\n\n\n\n<h2 class=\"wp-block-heading has-text-align-center has-large-font-size\">AL MAL\u00c8 IMA\u017bIN\u00c8RI<\/h2>\n<\/div>\n\n\n\n<div class=\"wp-block-uagb-container uagb-block-5d2d485b\">\n<div class=\"wp-block-uagb-image uagb-block-f239b17a wp-block-uagb-image--layout-default wp-block-uagb-image--effect-static wp-block-uagb-image--align-none\"><figure class=\"wp-block-uagb-image__figure\"><img decoding=\"async\" srcset=\"https:\/\/www.laragnatelateatro.com\/wp-content\/uploads\/2024\/09\/AN-E-DETTA_locandina1-1024x761.jpg ,https:\/\/www.laragnatelateatro.com\/wp-content\/uploads\/2024\/09\/AN-E-DETTA_locandina1.jpg 780w, https:\/\/www.laragnatelateatro.com\/wp-content\/uploads\/2024\/09\/AN-E-DETTA_locandina1.jpg 360w\" sizes=\"auto, (max-width: 480px) 150px\" src=\"https:\/\/www.laragnatelateatro.com\/wp-content\/uploads\/2024\/09\/AN-E-DETTA_locandina1-1024x761.jpg\" alt=\"\" class=\"uag-image-5260\" width=\"1024\" height=\"761\" title=\"AN E' DETTA_locandina1\" loading=\"lazy\" role=\"img\"\/><\/figure><\/div>\n\n\n\n<h2 class=\"wp-block-heading has-text-align-center has-large-font-size\">AN E BRISA DETTA L&#8217;ULTMA<\/h2>\n<\/div>\n\n\n\n<div class=\"wp-block-uagb-container uagb-block-5f68f10d\">\n<div class=\"wp-block-uagb-image uagb-block-36c872a9 wp-block-uagb-image--layout-default wp-block-uagb-image--effect-static wp-block-uagb-image--align-none\"><figure class=\"wp-block-uagb-image__figure\"><img decoding=\"async\"  sizes=\"auto, (max-width: 480px) 150px\" src=\"https:\/\/www.laragnatelateatro.com\/wp-content\/uploads\/2023\/05\/cropped-removal.ai_tmp-64720fc11af5b_D0MT0V.png\" alt=\"\" width=\"161\" height=\"163\" title=\"\" loading=\"lazy\" role=\"img\"\/><\/figure><\/div>\n\n\n\n<h2 class=\"wp-block-heading has-text-align-center has-large-font-size\">L&#8217;ANVAUD DAL SGNER CURETI<\/h2>\n<\/div>\n\n\n\n<div class=\"wp-block-uagb-container uagb-block-f926d58f\">\n<div class=\"wp-block-uagb-image uagb-block-6ab2fe8d wp-block-uagb-image--layout-default wp-block-uagb-image--effect-static wp-block-uagb-image--align-none\"><figure class=\"wp-block-uagb-image__figure\"><img decoding=\"async\"  sizes=\"auto, (max-width: 480px) 150px\" src=\"https:\/\/www.laragnatelateatro.com\/wp-content\/uploads\/2023\/05\/cropped-removal.ai_tmp-64720fc11af5b_D0MT0V.png\" alt=\"\" width=\"161\" height=\"163\" title=\"\" loading=\"lazy\" role=\"img\"\/><\/figure><\/div>\n\n\n\n<h2 class=\"wp-block-heading has-text-align-center has-large-font-size\">AZIDANT ALA FURTANNA<\/h2>\n<\/div>\n<\/div><\/div>\n","protected":false},"excerpt":{"rendered":"<p>Ai \u00e8 da marider una vaddva Al Pass TERN AL LOT VLAGNN PR I PONDIG E S&#8217;AL TOURNA AL MAL\u00c8 IMA\u017bIN\u00c8RI AN E BRISA DETTA L&#8217;ULTMA L&#8217;ANVAUD DAL SGNER CURETI AZIDANT ALA FURTANNA<\/p>\n","protected":false},"author":2,"featured_media":0,"parent":0,"menu_order":0,"comment_status":"closed","ping_status":"closed","template":"","meta":{"_uag_custom_page_level_css":"","site-sidebar-layout":"default","site-content-layout":"","ast-site-content-layout":"default","site-content-style":"default","site-sidebar-style":"default","ast-global-header-display":"","ast-banner-title-visibility":"","ast-main-header-display":"","ast-hfb-above-header-display":"","ast-hfb-below-header-display":"","ast-hfb-mobile-header-display":"","site-post-title":"disabled","ast-breadcrumbs-content":"","ast-featured-img":"","footer-sml-layout":"","theme-transparent-header-meta":"","adv-header-id-meta":"","stick-header-meta":"","header-above-stick-meta":"","header-main-stick-meta":"","header-below-stick-meta":"","astra-migrate-meta-layouts":"set","ast-page-background-enabled":"default","ast-page-background-meta":{"desktop":{"background-color":"var(--ast-global-color-4)","background-image":"","background-repeat":"repeat","background-position":"center center","background-size":"auto","background-attachment":"scroll","background-type":"","background-media":"","overlay-type":"","overlay-color":"","overlay-opacity":"","overlay-gradient":""},"tablet":{"background-color":"","background-image":"","background-repeat":"repeat","background-position":"center center","background-size":"auto","background-attachment":"scroll","background-type":"","background-media":"","overlay-type":"","overlay-color":"","overlay-opacity":"","overlay-gradient":""},"mobile":{"background-color":"","background-image":"","background-repeat":"repeat","background-position":"center center","background-size":"auto","background-attachment":"scroll","background-type":"","background-media":"","overlay-type":"","overlay-color":"","overlay-opacity":"","overlay-gradient":""}},"ast-content-background-meta":{"desktop":{"background-color":"var(--ast-global-color-5)","background-image":"","background-repeat":"repeat","background-position":"center center","background-size":"auto","background-attachment":"scroll","background-type":"","background-media":"","overlay-type":"","overlay-color":"","overlay-opacity":"","overlay-gradient":""},"tablet":{"background-color":"var(--ast-global-color-5)","background-image":"","background-repeat":"repeat","background-position":"center center","background-size":"auto","background-attachment":"scroll","background-type":"","background-media":"","overlay-type":"","overlay-color":"","overlay-opacity":"","overlay-gradient":""},"mobile":{"background-color":"var(--ast-global-color-5)","background-image":"","background-repeat":"repeat","background-position":"center center","background-size":"auto","background-attachment":"scroll","background-type":"","background-media":"","overlay-type":"","overlay-color":"","overlay-opacity":"","overlay-gradient":""}},"footnotes":""},"class_list":["post-5408","page","type-page","status-publish","hentry"],"uagb_featured_image_src":{"full":false,"thumbnail":false,"medium":false,"medium_large":false,"large":false,"1536x1536":false,"2048x2048":false},"uagb_author_info":{"display_name":"Massimo Buselli","author_link":"https:\/\/www.laragnatelateatro.com\/index.php\/author\/bolle\/"},"uagb_comment_info":0,"uagb_excerpt":"Ai \u00e8 da marider una vaddva Al Pass TERN AL LOT VLAGNN PR I PONDIG E S&#8217;AL TOURNA AL MAL\u00c8 IMA\u017bIN\u00c8RI AN E BRISA DETTA L&#8217;ULTMA L&#8217;ANVAUD DAL SGNER CURETI AZIDANT ALA FURTANNA","_links":{"self":[{"href":"https:\/\/www.laragnatelateatro.com\/index.php\/wp-json\/wp\/v2\/pages\/5408","targetHints":{"allow":["GET"]}}],"collection":[{"href":"https:\/\/www.laragnatelateatro.com\/index.php\/wp-json\/wp\/v2\/pages"}],"about":[{"href":"https:\/\/www.laragnatelateatro.com\/index.php\/wp-json\/wp\/v2\/types\/page"}],"author":[{"embeddable":true,"href":"https:\/\/www.laragnatelateatro.com\/index.php\/wp-json\/wp\/v2\/users\/2"}],"replies":[{"embeddable":true,"href":"https:\/\/www.laragnatelateatro.com\/index.php\/wp-json\/wp\/v2\/comments?post=5408"}],"version-history":[{"count":13,"href":"https:\/\/www.laragnatelateatro.com\/index.php\/wp-json\/wp\/v2\/pages\/5408\/revisions"}],"predecessor-version":[{"id":6750,"href":"https:\/\/www.laragnatelateatro.com\/index.php\/wp-json\/wp\/v2\/pages\/5408\/revisions\/6750"}],"wp:attachment":[{"href":"https:\/\/www.laragnatelateatro.com\/index.php\/wp-json\/wp\/v2\/media?parent=5408"}],"curies":[{"name":"wp","href":"https:\/\/api.w.org\/{rel}","templated":true}]}}